{"id":368743,"date":"2024-01-15T15:33:11","date_gmt":"2024-01-15T15:33:11","guid":{"rendered":"https:\/\/casaredonda.es\/?page_id=368743"},"modified":"2024-02-08T09:42:39","modified_gmt":"2024-02-08T09:42:39","slug":"localisation","status":"publish","type":"page","link":"https:\/\/casaredonda.es\/fr\/location\/","title":{"rendered":"Localisation"},"content":{"rendered":"<p>[et_pb_section fb_built=&#8221;1&#8243; _builder_version=&#8221;4.24.0&#8243; _module_preset=&#8221;default&#8221; custom_padding=&#8221;40px||0px||false|false&#8221; hover_enabled=&#8221;0&#8243; global_colors_info=&#8221;{}&#8221; custom_padding_last_edited=&#8221;on|phone&#8221; custom_padding_phone=&#8221;0px||0px||false|false&#8221; sticky_enabled=&#8221;0&#8243; custom_padding_tablet=&#8221;40px||0px||false|false&#8221;][et_pb_row column_structure=&#8221;1_2,1_2&#8243; use_custom_gutter=&#8221;on&#8221; gutter_width=&#8221;1&#8243; make_equal=&#8221;on&#8221; _builder_version=&#8221;4.24.0&#8243; _module_preset=&#8221;default&#8221; width=&#8221;90%&#8221; max_width=&#8221;1296px&#8221; custom_margin=&#8221;0px||0px||false|false&#8221; custom_padding=&#8221;0px||0px||false|false&#8221; hover_enabled=&#8221;0&#8243; global_colors_info=&#8221;{}&#8221; custom_css_main_element_last_edited=&#8221;on|phone&#8221; custom_css_main_element_phone=&#8221;display: flex;||flex-wrap: wrap;&#8221; sticky_enabled=&#8221;0&#8243;][et_pb_column type=&#8221;1_2&#8243; _builder_version=&#8221;4.24.0&#8243; _module_preset=&#8221;default&#8221; animation_style=&#8221;slide&#8221; animation_intensity_slide=&#8221;4%&#8221; animation_speed_curve=&#8221;ease&#8221; hover_enabled=&#8221;0&#8243; global_colors_info=&#8221;{}&#8221; custom_css_main_element_last_edited=&#8221;on|phone&#8221; custom_css_main_element_phone=&#8221;order: 2;&#8221; sticky_enabled=&#8221;0&#8243;][et_pb_image src=&#8221;https:\/\/casaredonda.es\/wp-content\/uploads\/2024\/01\/Casa-Redonda-Location.jpg&#8221; title_text=&#8221;Casa Redonda Location&#8221; _builder_version=&#8221;4.24.0&#8243; _module_preset=&#8221;default&#8221; hover_enabled=&#8221;0&#8243; global_colors_info=&#8221;{}&#8221; custom_padding_last_edited=&#8221;on|phone&#8221; custom_padding_phone=&#8221;20px||||false|false&#8221; sticky_enabled=&#8221;0&#8243;][\/et_pb_image][\/et_pb_column][et_pb_column type=&#8221;1_2&#8243; _builder_version=&#8221;4.23.4&#8243; _module_preset=&#8221;default&#8221; custom_padding=&#8221;50px|||15px|false|false&#8221; custom_padding_tablet=&#8221;|||0px|false|false&#8221; custom_padding_phone=&#8221;|||0px|false|false&#8221; custom_padding_last_edited=&#8221;on|tablet&#8221; animation_style=&#8221;slide&#8221; animation_intensity_slide=&#8221;4%&#8221; animation_speed_curve=&#8221;ease&#8221; custom_css_main_element=&#8221;margin:auto;&#8221; global_colors_info=&#8221;{}&#8221;][et_pb_text _builder_version=&#8221;4.24.0&#8243; _module_preset=&#8221;default&#8221; header_4_font=&#8221;Marcellus|700||on|||||&#8221; header_4_text_align=&#8221;left&#8221; header_4_text_color=&#8221;#509EF7&#8243; header_4_font_size=&#8221;14px&#8221; header_4_letter_spacing=&#8221;2px&#8221; header_4_line_height=&#8221;1.2em&#8221; custom_margin=&#8221;0px||10px||false|false&#8221; custom_padding=&#8221;0px||0px||false|false&#8221; hover_enabled=&#8221;0&#8243; global_colors_info=&#8221;{}&#8221; header_4_font_size_last_edited=&#8221;on|phone&#8221; header_4_font_size_phone=&#8221;16px&#8221; sticky_enabled=&#8221;0&#8243; header_4_font_size_tablet=&#8221;14px&#8221;]<\/p>\n<h4>Our Location<\/h4>\n<p>[\/et_pb_text][et_pb_text _builder_version=&#8221;4.23.4&#8243; _module_preset=&#8221;default&#8221; header_2_font=&#8221;Marcellus|700||on|||||&#8221; header_2_text_align=&#8221;left&#8221; header_2_text_color=&#8221;#1e1e1e&#8221; header_2_font_size=&#8221;33px&#8221; header_2_letter_spacing=&#8221;2px&#8221; header_2_line_height=&#8221;1.2em&#8221; custom_margin=&#8221;0px||7px||false|false&#8221; custom_padding=&#8221;0px||0px||false|false&#8221; header_2_font_size_tablet=&#8221;33px&#8221; header_2_font_size_phone=&#8221;25px&#8221; header_2_font_size_last_edited=&#8221;on|phone&#8221; global_colors_info=&#8221;{}&#8221;]<\/p>\n<h2>An Oasis of Calm in Rural Andalusia<\/h2>\n<p>[\/et_pb_text][et_pb_text _builder_version=&#8221;4.24.0&#8243; _module_preset=&#8221;default&#8221; text_font=&#8221;Roboto Flex||||||||&#8221; text_text_color=&#8221;#706F6F&#8221; text_font_size=&#8221;16px&#8221; text_line_height=&#8221;1.6em&#8221; custom_margin=&#8221;0px||15px||false|false&#8221; custom_padding=&#8221;0px||0px||false|false&#8221; hover_enabled=&#8221;0&#8243; global_colors_info=&#8221;{}&#8221; text_font_size_last_edited=&#8221;on|phone&#8221; text_font_size_phone=&#8221;19px&#8221; sticky_enabled=&#8221;0&#8243; text_font_size_tablet=&#8221;16px&#8221;]<\/p>\n<p>Casa Redonda is located in a spectacular position in the hills of Andalusia&#8217;s Malaga province, surrounded by avocados, mango, olive, and almond trees The natural beauty of the area makes it popular for cycling and hiking. Bike hire is available locally. The apartment is just a short drive to the popular village of C\u00f3mpeta, where you will find all the amenities you will need, including shops, bars and restaurants.<\/p>\n<p>[\/et_pb_text][et_pb_text _builder_version=&#8221;4.23.4&#8243; _module_preset=&#8221;default&#8221; text_font=&#8221;Roboto Flex||||||||&#8221; text_text_color=&#8221;#706F6F&#8221; text_font_size=&#8221;16px&#8221; text_line_height=&#8221;1.6em&#8221; custom_margin=&#8221;0px||15px||false|false&#8221; custom_padding=&#8221;0px||0px||false|false&#8221; global_colors_info=&#8221;{}&#8221; text_font_size_phone=&#8221;19px&#8221; text_font_size_last_edited=&#8221;on|phone&#8221; text_font_size_tablet=&#8221;16px&#8221;]<\/p>\n<p>Due to its peaceful rural location, access to Casa Redonda from the A7207 is steep and has two sections of rough track, but is perfectly passable by car.<\/p>\n<p>[\/et_pb_text][et_pb_image src=&#8221;https:\/\/casaredonda.es\/wp-content\/uploads\/2024\/01\/Scroll.png&#8221; title_text=&#8221;Scroll&#8221; url=&#8221;#map&#8221; _builder_version=&#8221;4.23.4&#8243; _module_preset=&#8221;default&#8221; transform_translate_linked__hover=&#8221;off&#8221; max_width=&#8221;10%&#8221; custom_margin=&#8221;||||false|false&#8221; global_colors_info=&#8221;{}&#8221; transform_styles__hover_enabled=&#8221;on|hover&#8221; transform_scale__hover_enabled=&#8221;on|desktop&#8221; transform_translate__hover_enabled=&#8221;on|hover&#8221; transform_rotate__hover_enabled=&#8221;on|desktop&#8221; transform_skew__hover_enabled=&#8221;on|desktop&#8221; transform_origin__hover_enabled=&#8221;on|desktop&#8221; transform_translate__hover=&#8221;0px|5px&#8221; disabled_on=&#8221;on|on|off&#8221;][\/et_pb_image][\/et_pb_column][\/et_pb_row][\/et_pb_section][et_pb_section fb_built=&#8221;1&#8243; _builder_version=&#8221;4.24.0&#8243; custom_margin=&#8221;||||false|false&#8221; custom_padding=&#8221;40px|0px|0px|0px|false|false&#8221; hover_enabled=&#8221;0&#8243; global_colors_info=&#8221;{}&#8221; custom_padding_last_edited=&#8221;on|phone&#8221; custom_padding_phone=&#8221;20px|0px|0px|0px|false|false&#8221; sticky_enabled=&#8221;0&#8243; module_id=&#8221;map&#8221; custom_padding_tablet=&#8221;40px|0px|0px|0px|false|false&#8221;][et_pb_row use_custom_gutter=&#8221;on&#8221; gutter_width=&#8221;1&#8243; module_class=&#8221; et_pb_row_fullwidth&#8221; _builder_version=&#8221;4.23.4&#8243; width=&#8221;100%&#8221; width_tablet=&#8221;100%&#8221; width_phone=&#8221;&#8221; width_last_edited=&#8221;on|desktop&#8221; max_width=&#8221;100%&#8221; max_width_tablet=&#8221;100%&#8221; max_width_phone=&#8221;&#8221; max_width_last_edited=&#8221;on|desktop&#8221; custom_margin=&#8221;||0px||false|false&#8221; custom_padding=&#8221;0px|0px|0px|0px|false|false&#8221; hover_enabled=&#8221;0&#8243; make_fullwidth=&#8221;on&#8221; global_colors_info=&#8221;{}&#8221; sticky_enabled=&#8221;0&#8243;][et_pb_column type=&#8221;4_4&#8243; _builder_version=&#8221;4.16&#8243; custom_padding=&#8221;|||&#8221; global_colors_info=&#8221;{}&#8221; custom_padding__hover=&#8221;|||&#8221;][et_pb_divider show_divider=&#8221;off&#8221; _builder_version=&#8221;4.24.0&#8243; _module_preset=&#8221;default&#8221; transform_translate=&#8221;0px|28px&#8221; transform_translate_linked=&#8221;off&#8221; hover_enabled=&#8221;0&#8243; global_colors_info=&#8221;{}&#8221; sticky_enabled=&#8221;0&#8243;][\/et_pb_divider][et_pb_code _builder_version=&#8221;4.23.4&#8243; hover_enabled=&#8221;0&#8243; global_colors_info=&#8221;{}&#8221; sticky_enabled=&#8221;0&#8243;]<iframe loading=\"lazy\" src=\"https:\/\/www.google.com\/maps\/embed?pb=!1m18!1m12!1m3!1d85966.47600223945!2d-4.027747965412499!3d36.800585299560055!2m3!1f0!2f0!3f0!3m2!1i1024!2i768!4f13.1!3m3!1m2!1s0xd723b566dc72e01%3A0x8a03b60b61cfc6a6!2sCasa%20Redonda%20Apartment%20Rental!5e0!3m2!1sen!2ses!4v1705333199854!5m2!1sen!2ses\" width=\"100%\" height=\"450\" frameborder=\"0\" style=\"border:0\" allowfullscreen><\/iframe>[\/et_pb_code][\/et_pb_column][\/et_pb_row][\/et_pb_section]<\/p>\n","protected":false},"excerpt":{"rendered":"<p>Our LocationAn Oasis of Calm in Rural AndalusiaCasa Redonda is located in a spectacular position in the hills of Andalusia&#8217;s Malaga province, surrounded by avocados, mango, olive, and almond trees The natural beauty of the area makes it popular for cycling and hiking. Bike hire is available locally. The apartment is just a short drive [&hellip;]<\/p>\n","protected":false},"author":1,"featured_media":0,"parent":0,"menu_order":80,"comment_status":"closed","ping_status":"closed","template":"","meta":{"_acf_changed":false,"_et_pb_use_builder":"on","_et_pb_old_content":"","_et_gb_content_width":"","footnotes":""},"class_list":["post-368743","page","type-page","status-publish","hentry"],"acf":[],"yoast_head":"<!-- This site is optimized with the Yoast SEO plugin v27.4 - https:\/\/yoast.com\/product\/yoast-seo-wordpress\/ -->\n<title>Location - Casa Redonda<\/title>\n<meta name=\"description\" content=\"Casa Redonda is located in a spectacular position, 10 minutes from the village of Competa &amp; 20 minutes from the beaches of the Costa del Sol.\" \/>\n<meta name=\"robots\" content=\"index, follow, max-snippet:-1, max-image-preview:large, max-video-preview:-1\" \/>\n<link rel=\"canonical\" href=\"https:\/\/casaredonda.es\/fr\/localisation\/\" \/>\n<meta property=\"og:locale\" content=\"fr_FR\" \/>\n<meta property=\"og:type\" content=\"article\" \/>\n<meta property=\"og:title\" content=\"A Spectacular Position\" \/>\n<meta property=\"og:description\" content=\"Just a 10 minute drive from the famous village of Competa.\" \/>\n<meta property=\"og:url\" content=\"https:\/\/casaredonda.es\/fr\/localisation\/\" \/>\n<meta property=\"og:site_name\" content=\"Casa Redonda\" \/>\n<meta property=\"article:modified_time\" content=\"2024-02-08T09:42:39+00:00\" \/>\n<meta property=\"og:image\" content=\"https:\/\/casaredonda.es\/wp-content\/uploads\/2024\/02\/Location-Casa-Redonda-Social.png\" \/>\n\t<meta property=\"og:image:width\" content=\"1200\" \/>\n\t<meta property=\"og:image:height\" content=\"628\" \/>\n\t<meta property=\"og:image:type\" content=\"image\/png\" \/>\n<script type=\"application\/ld+json\" class=\"yoast-schema-graph\">{\"@context\":\"https:\\\/\\\/schema.org\",\"@graph\":[{\"@type\":\"WebPage\",\"@id\":\"https:\\\/\\\/casaredonda.es\\\/location\\\/\",\"url\":\"https:\\\/\\\/casaredonda.es\\\/location\\\/\",\"name\":\"Location - Casa Redonda\",\"isPartOf\":{\"@id\":\"https:\\\/\\\/casaredonda.es\\\/#website\"},\"datePublished\":\"2024-01-15T15:33:11+00:00\",\"dateModified\":\"2024-02-08T09:42:39+00:00\",\"description\":\"Casa Redonda is located in a spectacular position, 10 minutes from the village of Competa & 20 minutes from the beaches of the Costa del Sol.\",\"breadcrumb\":{\"@id\":\"https:\\\/\\\/casaredonda.es\\\/location\\\/#breadcrumb\"},\"inLanguage\":\"fr-FR\",\"potentialAction\":[{\"@type\":\"ReadAction\",\"target\":[\"https:\\\/\\\/casaredonda.es\\\/location\\\/\"]}]},{\"@type\":\"BreadcrumbList\",\"@id\":\"https:\\\/\\\/casaredonda.es\\\/location\\\/#breadcrumb\",\"itemListElement\":[{\"@type\":\"ListItem\",\"position\":1,\"name\":\"Home\",\"item\":\"https:\\\/\\\/casaredonda.es\\\/\"},{\"@type\":\"ListItem\",\"position\":2,\"name\":\"Location\"}]},{\"@type\":\"WebSite\",\"@id\":\"https:\\\/\\\/casaredonda.es\\\/#website\",\"url\":\"https:\\\/\\\/casaredonda.es\\\/\",\"name\":\"Casa Redonda\",\"description\":\"A Premium Casa Rural\",\"potentialAction\":[{\"@type\":\"SearchAction\",\"target\":{\"@type\":\"EntryPoint\",\"urlTemplate\":\"https:\\\/\\\/casaredonda.es\\\/?s={search_term_string}\"},\"query-input\":{\"@type\":\"PropertyValueSpecification\",\"valueRequired\":true,\"valueName\":\"search_term_string\"}}],\"inLanguage\":\"fr-FR\"}]}<\/script>\n<!-- \/ Yoast SEO plugin. -->","yoast_head_json":{"title":"Localisation - Casa Redonda","description":"La Casa Redonda b\u00e9n\u00e9ficie d'une situation spectaculaire, \u00e0 10 minutes du village de Competa et \u00e0 20 minutes des plages de la Costa del Sol.","robots":{"index":"index","follow":"follow","max-snippet":"max-snippet:-1","max-image-preview":"max-image-preview:large","max-video-preview":"max-video-preview:-1"},"canonical":"https:\/\/casaredonda.es\/fr\/localisation\/","og_locale":"fr_FR","og_type":"article","og_title":"A Spectacular Position","og_description":"Just a 10 minute drive from the famous village of Competa.","og_url":"https:\/\/casaredonda.es\/fr\/localisation\/","og_site_name":"Casa Redonda","article_modified_time":"2024-02-08T09:42:39+00:00","og_image":[{"width":1200,"height":628,"url":"https:\/\/casaredonda.es\/wp-content\/uploads\/2024\/02\/Location-Casa-Redonda-Social.png","type":"image\/png"}],"schema":{"@context":"https:\/\/schema.org","@graph":[{"@type":"WebPage","@id":"https:\/\/casaredonda.es\/location\/","url":"https:\/\/casaredonda.es\/location\/","name":"Localisation - Casa Redonda","isPartOf":{"@id":"https:\/\/casaredonda.es\/#website"},"datePublished":"2024-01-15T15:33:11+00:00","dateModified":"2024-02-08T09:42:39+00:00","description":"La Casa Redonda b\u00e9n\u00e9ficie d'une situation spectaculaire, \u00e0 10 minutes du village de Competa et \u00e0 20 minutes des plages de la Costa del Sol.","breadcrumb":{"@id":"https:\/\/casaredonda.es\/location\/#breadcrumb"},"inLanguage":"fr-FR","potentialAction":[{"@type":"ReadAction","target":["https:\/\/casaredonda.es\/location\/"]}]},{"@type":"BreadcrumbList","@id":"https:\/\/casaredonda.es\/location\/#breadcrumb","itemListElement":[{"@type":"ListItem","position":1,"name":"Home","item":"https:\/\/casaredonda.es\/"},{"@type":"ListItem","position":2,"name":"Location"}]},{"@type":"WebSite","@id":"https:\/\/casaredonda.es\/#website","url":"https:\/\/casaredonda.es\/","name":"Casa Redonda","description":"Une maison rurale haut de gamme","potentialAction":[{"@type":"SearchAction","target":{"@type":"EntryPoint","urlTemplate":"https:\/\/casaredonda.es\/?s={search_term_string}"},"query-input":{"@type":"PropertyValueSpecification","valueRequired":true,"valueName":"search_term_string"}}],"inLanguage":"fr-FR"}]}},"_links":{"self":[{"href":"https:\/\/casaredonda.es\/fr\/wp-json\/wp\/v2\/pages\/368743","targetHints":{"allow":["GET"]}}],"collection":[{"href":"https:\/\/casaredonda.es\/fr\/wp-json\/wp\/v2\/pages"}],"about":[{"href":"https:\/\/casaredonda.es\/fr\/wp-json\/wp\/v2\/types\/page"}],"author":[{"embeddable":true,"href":"https:\/\/casaredonda.es\/fr\/wp-json\/wp\/v2\/users\/1"}],"replies":[{"embeddable":true,"href":"https:\/\/casaredonda.es\/fr\/wp-json\/wp\/v2\/comments?post=368743"}],"version-history":[{"count":0,"href":"https:\/\/casaredonda.es\/fr\/wp-json\/wp\/v2\/pages\/368743\/revisions"}],"wp:attachment":[{"href":"https:\/\/casaredonda.es\/fr\/wp-json\/wp\/v2\/media?parent=368743"}],"curies":[{"name":"wp","href":"https:\/\/api.w.org\/{rel}","templated":true}]}}