{"id":109074,"date":"2023-12-16T18:52:16","date_gmt":"2023-12-16T18:52:16","guid":{"rendered":"https:\/\/casaredonda.es\/?page_id=109074"},"modified":"2024-02-12T20:07:35","modified_gmt":"2024-02-12T20:07:35","slug":"blog","status":"publish","type":"page","link":"https:\/\/casaredonda.es\/fr\/blog\/","title":{"rendered":"Blog"},"content":{"rendered":"<p>[et_pb_section fb_built=&#8221;1&#8243; custom_padding_last_edited=&#8221;on|phone&#8221; admin_label=&#8221;Section&#8221; module_class=&#8221;ragnar_blog_rune ragnar_blog_sten&#8221; _builder_version=&#8221;4.24.0&#8243; _module_preset=&#8221;default&#8221; custom_padding=&#8221;50px||24px||false|false&#8221; custom_padding_tablet=&#8221;60px||13px||false|false&#8221; custom_padding_phone=&#8221;30px||0px||false|false&#8221; hover_enabled=&#8221;0&#8243; collapsed=&#8221;off&#8221; global_colors_info=&#8221;{}&#8221; sticky_enabled=&#8221;0&#8243;][et_pb_row use_custom_gutter=&#8221;on&#8221; gutter_width=&#8221;2&#8243; _builder_version=&#8221;4.23.4&#8243; _module_preset=&#8221;default&#8221; width=&#8221;90%&#8221; max_width=&#8221;1296px&#8221; custom_margin=&#8221;0px||0px||false|false&#8221; custom_padding=&#8221;0px||20px||false|false&#8221; animation_style=&#8221;slide&#8221; animation_intensity_slide=&#8221;4%&#8221; animation_speed_curve=&#8221;ease&#8221; custom_css_main_element=&#8221;text-align:center;&#8221; locked=&#8221;off&#8221; global_colors_info=&#8221;{}&#8221;][et_pb_column type=&#8221;4_4&#8243; _builder_version=&#8221;4.23.1&#8243; _module_preset=&#8221;default&#8221; global_colors_info=&#8221;{}&#8221;][et_pb_image src=&#8221;https:\/\/casaredonda.es\/wp-content\/uploads\/2023\/12\/Faded-Logo.png&#8221; title_text=&#8221;Faded Logo&#8221; align=&#8221;center&#8221; _builder_version=&#8221;4.23.1&#8243; _module_preset=&#8221;default&#8221; height=&#8221;48px&#8221; custom_margin=&#8221;0px||19px||false|false&#8221; custom_padding=&#8221;0px||0px||false|false&#8221; custom_css_before=&#8221;position: absolute;||    content: %22%22;||    width: 95px;||    height: 1px;||    left: -163px;||    right: 0;||    top: 27px;||    background: #61616142;||    margin: auto;&#8221; custom_css_main_element=&#8221;display:inline-block;&#8221; custom_css_after=&#8221;position: absolute;||    content: %22%22;||    width: 95px;||    height: 1px;||    right: -163px;||    left: 0;||    top: 27px;||    background: #61616142;||    margin: auto;&#8221; global_colors_info=&#8221;{}&#8221;][\/et_pb_image][et_pb_text _builder_version=&#8221;4.23.4&#8243; _module_preset=&#8221;default&#8221; header_2_font=&#8221;Marcellus|700||on|||||&#8221; header_2_text_align=&#8221;center&#8221; header_2_text_color=&#8221;#181818&#8243; header_2_font_size=&#8221;33px&#8221; header_2_letter_spacing=&#8221;2px&#8221; header_2_line_height=&#8221;1.2em&#8221; custom_margin=&#8221;0px||5px||false|false&#8221; custom_padding=&#8221;0px||0px||false|false&#8221; header_2_font_size_tablet=&#8221;33px&#8221; header_2_font_size_phone=&#8221;25px&#8221; header_2_font_size_last_edited=&#8221;on|phone&#8221; global_colors_info=&#8221;{}&#8221;]<\/p>\n<h2>The Casa Redonda Blog<\/h2>\n<p>[\/et_pb_text][et_pb_text _builder_version=&#8221;4.24.0&#8243; _module_preset=&#8221;default&#8221; text_font=&#8221;Roboto Flex||||||||&#8221; text_text_color=&#8221;#706F6F&#8221; text_font_size=&#8221;16px&#8221; text_line_height=&#8221;1.6em&#8221; text_orientation=&#8221;center&#8221; max_width=&#8221;60%&#8221; max_width_tablet=&#8221;60%&#8221; max_width_phone=&#8221;90%&#8221; max_width_last_edited=&#8221;on|phone&#8221; module_alignment=&#8221;center&#8221; custom_margin=&#8221;0px||0px||false|false&#8221; custom_padding=&#8221;0px||0px||false|false&#8221; text_text_color_tablet=&#8221;#706F6F&#8221; text_text_color_phone=&#8221;#706F6F&#8221; text_text_color_last_edited=&#8221;on|phone&#8221; text_font_size_tablet=&#8221;16px&#8221; text_font_size_phone=&#8221;19px&#8221; text_font_size_last_edited=&#8221;on|desktop&#8221; global_colors_info=&#8221;{}&#8221;]<\/p>\n<p>Our blog is packed with interesting and useful articles to inform, engage, and help you get the best from your stay at Casa Redonda.<\/p>\n<p>[\/et_pb_text][\/et_pb_column][\/et_pb_row][et_pb_row use_custom_gutter=&#8221;on&#8221; gutter_width=&#8221;2&#8243; custom_padding_last_edited=&#8221;on|phone&#8221; _builder_version=&#8221;4.24.0&#8243; _module_preset=&#8221;default&#8221; width=&#8221;90%&#8221; max_width=&#8221;1296px&#8221; custom_padding_tablet=&#8221;&#8221; custom_padding_phone=&#8221;20px||10px||false|false&#8221; global_colors_info=&#8221;{}&#8221;][et_pb_column type=&#8221;4_4&#8243; _builder_version=&#8221;4.23.4&#8243; _module_preset=&#8221;default&#8221; global_colors_info=&#8221;{}&#8221;][et_pb_blog fullwidth=&#8221;off&#8221; posts_number=&#8221;12&#8243; include_categories=&#8221;48&#8243; meta_date=&#8221;d M&#8221; excerpt_length=&#8221;70&#8243; show_author=&#8221;off&#8221; show_categories=&#8221;off&#8221; show_excerpt=&#8221;off&#8221; show_pagination=&#8221;off&#8221; admin_label=&#8221;News Blog&#8221; _builder_version=&#8221;4.23.4&#8243; _module_preset=&#8221;default&#8221; header_font=&#8221;Marcellus|700||on|||||&#8221; header_text_color=&#8221;#181818&#8243; header_font_size=&#8221;20px&#8221; header_line_height=&#8221;1.3em&#8221; body_font=&#8221;Barlow||||||||&#8221; body_text_color=&#8221;#989b9f&#8221; body_font_size=&#8221;16px&#8221; body_line_height=&#8221;160%&#8221; meta_font=&#8221;Barlow||||||||&#8221; meta_text_color=&#8221;#b7babe&#8221; meta_font_size=&#8221;16px&#8221; meta_line_height=&#8221;120%&#8221; read_more_font=&#8221;Barlow|500|on||||||&#8221; read_more_text_color=&#8221;#191b1d&#8221; read_more_font_size=&#8221;16px&#8221; read_more_line_height=&#8221;120%&#8221; header_font_size_tablet=&#8221;24px&#8221; header_font_size_phone=&#8221;20px&#8221; header_font_size_last_edited=&#8221;on|desktop&#8221; custom_css_title=&#8221;margin-left: 3%;||margin-top: -5%;&#8221; custom_css_content=&#8221;    font-weight: 400;&#8221; border_width_all=&#8221;0px&#8221; global_colors_info=&#8221;{}&#8221; read_more_text_color__hover_enabled=&#8221;on|hover&#8221; read_more_text_color__hover=&#8221;#000000&#8243;][\/et_pb_blog][\/et_pb_column][\/et_pb_row][\/et_pb_section]<\/p>\n","protected":false},"excerpt":{"rendered":"<p>The Casa Redonda BlogOur blog is packed with interesting and useful articles to inform, engage, and help you get the best from your stay at Casa Redonda.<\/p>","protected":false},"author":1,"featured_media":0,"parent":0,"menu_order":20,"comment_status":"closed","ping_status":"closed","template":"","meta":{"_acf_changed":false,"_et_pb_use_builder":"on","_et_pb_old_content":"","_et_gb_content_width":"","footnotes":""},"class_list":["post-109074","page","type-page","status-publish","hentry"],"acf":[],"yoast_head":"<!-- This site is optimized with the Yoast SEO plugin v27.3 - https:\/\/yoast.com\/product\/yoast-seo-wordpress\/ -->\n<title>Blog - Casa Redonda<\/title>\n<meta name=\"description\" content=\"Our blog is packed with interesting and useful articles to inform, engage, and help you get the best from your stay at Casa Redonda.\" \/>\n<meta name=\"robots\" content=\"index, follow, max-snippet:-1, max-image-preview:large, max-video-preview:-1\" \/>\n<link rel=\"canonical\" href=\"https:\/\/casaredonda.es\/fr\/blog\/\" \/>\n<meta property=\"og:locale\" content=\"fr_FR\" \/>\n<meta property=\"og:type\" content=\"article\" \/>\n<meta property=\"og:title\" content=\"Read The Blog\" \/>\n<meta property=\"og:description\" content=\"Interesting and useful articles to inform and engage.\" \/>\n<meta property=\"og:url\" content=\"https:\/\/casaredonda.es\/fr\/blog\/\" \/>\n<meta property=\"og:site_name\" content=\"Casa Redonda\" \/>\n<meta property=\"article:modified_time\" content=\"2024-02-12T20:07:35+00:00\" \/>\n<meta property=\"og:image\" content=\"https:\/\/casaredonda.es\/wp-content\/uploads\/2024\/02\/Blog-Casa-Redonda-Social.png\" \/>\n\t<meta property=\"og:image:width\" content=\"1200\" \/>\n\t<meta property=\"og:image:height\" content=\"628\" \/>\n\t<meta property=\"og:image:type\" content=\"image\/png\" \/>\n<script type=\"application\/ld+json\" class=\"yoast-schema-graph\">{\"@context\":\"https:\\\/\\\/schema.org\",\"@graph\":[{\"@type\":\"WebPage\",\"@id\":\"https:\\\/\\\/casaredonda.es\\\/blog\\\/\",\"url\":\"https:\\\/\\\/casaredonda.es\\\/blog\\\/\",\"name\":\"Blog - Casa Redonda\",\"isPartOf\":{\"@id\":\"https:\\\/\\\/casaredonda.es\\\/#website\"},\"datePublished\":\"2023-12-16T18:52:16+00:00\",\"dateModified\":\"2024-02-12T20:07:35+00:00\",\"description\":\"Our blog is packed with interesting and useful articles to inform, engage, and help you get the best from your stay at Casa Redonda.\",\"breadcrumb\":{\"@id\":\"https:\\\/\\\/casaredonda.es\\\/blog\\\/#breadcrumb\"},\"inLanguage\":\"fr-FR\",\"potentialAction\":[{\"@type\":\"ReadAction\",\"target\":[\"https:\\\/\\\/casaredonda.es\\\/blog\\\/\"]}]},{\"@type\":\"BreadcrumbList\",\"@id\":\"https:\\\/\\\/casaredonda.es\\\/blog\\\/#breadcrumb\",\"itemListElement\":[{\"@type\":\"ListItem\",\"position\":1,\"name\":\"Home\",\"item\":\"https:\\\/\\\/casaredonda.es\\\/\"},{\"@type\":\"ListItem\",\"position\":2,\"name\":\"Blog\"}]},{\"@type\":\"WebSite\",\"@id\":\"https:\\\/\\\/casaredonda.es\\\/#website\",\"url\":\"https:\\\/\\\/casaredonda.es\\\/\",\"name\":\"Casa Redonda\",\"description\":\"A Premium Casa Rural\",\"potentialAction\":[{\"@type\":\"SearchAction\",\"target\":{\"@type\":\"EntryPoint\",\"urlTemplate\":\"https:\\\/\\\/casaredonda.es\\\/?s={search_term_string}\"},\"query-input\":{\"@type\":\"PropertyValueSpecification\",\"valueRequired\":true,\"valueName\":\"search_term_string\"}}],\"inLanguage\":\"fr-FR\"}]}<\/script>\n<!-- \/ Yoast SEO plugin. -->","yoast_head_json":{"title":"Blog - Casa Redonda","description":"Notre blog est rempli d'articles int\u00e9ressants et utiles pour vous informer, vous engager et vous aider \u00e0 tirer le meilleur parti de votre s\u00e9jour \u00e0 la Casa Redonda.","robots":{"index":"index","follow":"follow","max-snippet":"max-snippet:-1","max-image-preview":"max-image-preview:large","max-video-preview":"max-video-preview:-1"},"canonical":"https:\/\/casaredonda.es\/fr\/blog\/","og_locale":"fr_FR","og_type":"article","og_title":"Read The Blog","og_description":"Interesting and useful articles to inform and engage.","og_url":"https:\/\/casaredonda.es\/fr\/blog\/","og_site_name":"Casa Redonda","article_modified_time":"2024-02-12T20:07:35+00:00","og_image":[{"width":1200,"height":628,"url":"https:\/\/casaredonda.es\/wp-content\/uploads\/2024\/02\/Blog-Casa-Redonda-Social.png","type":"image\/png"}],"schema":{"@context":"https:\/\/schema.org","@graph":[{"@type":"WebPage","@id":"https:\/\/casaredonda.es\/blog\/","url":"https:\/\/casaredonda.es\/blog\/","name":"Blog - Casa Redonda","isPartOf":{"@id":"https:\/\/casaredonda.es\/#website"},"datePublished":"2023-12-16T18:52:16+00:00","dateModified":"2024-02-12T20:07:35+00:00","description":"Notre blog est rempli d'articles int\u00e9ressants et utiles pour vous informer, vous engager et vous aider \u00e0 tirer le meilleur parti de votre s\u00e9jour \u00e0 la Casa Redonda.","breadcrumb":{"@id":"https:\/\/casaredonda.es\/blog\/#breadcrumb"},"inLanguage":"fr-FR","potentialAction":[{"@type":"ReadAction","target":["https:\/\/casaredonda.es\/blog\/"]}]},{"@type":"BreadcrumbList","@id":"https:\/\/casaredonda.es\/blog\/#breadcrumb","itemListElement":[{"@type":"ListItem","position":1,"name":"Home","item":"https:\/\/casaredonda.es\/"},{"@type":"ListItem","position":2,"name":"Blog"}]},{"@type":"WebSite","@id":"https:\/\/casaredonda.es\/#website","url":"https:\/\/casaredonda.es\/","name":"Casa Redonda","description":"Une maison rurale haut de gamme","potentialAction":[{"@type":"SearchAction","target":{"@type":"EntryPoint","urlTemplate":"https:\/\/casaredonda.es\/?s={search_term_string}"},"query-input":{"@type":"PropertyValueSpecification","valueRequired":true,"valueName":"search_term_string"}}],"inLanguage":"fr-FR"}]}},"_links":{"self":[{"href":"https:\/\/casaredonda.es\/fr\/wp-json\/wp\/v2\/pages\/109074","targetHints":{"allow":["GET"]}}],"collection":[{"href":"https:\/\/casaredonda.es\/fr\/wp-json\/wp\/v2\/pages"}],"about":[{"href":"https:\/\/casaredonda.es\/fr\/wp-json\/wp\/v2\/types\/page"}],"author":[{"embeddable":true,"href":"https:\/\/casaredonda.es\/fr\/wp-json\/wp\/v2\/users\/1"}],"replies":[{"embeddable":true,"href":"https:\/\/casaredonda.es\/fr\/wp-json\/wp\/v2\/comments?post=109074"}],"version-history":[{"count":0,"href":"https:\/\/casaredonda.es\/fr\/wp-json\/wp\/v2\/pages\/109074\/revisions"}],"wp:attachment":[{"href":"https:\/\/casaredonda.es\/fr\/wp-json\/wp\/v2\/media?parent=109074"}],"curies":[{"name":"wp","href":"https:\/\/api.w.org\/{rel}","templated":true}]}}