{"id":369137,"date":"2024-01-31T18:20:10","date_gmt":"2024-01-31T18:20:10","guid":{"rendered":"https:\/\/casaredonda.es\/?page_id=369137"},"modified":"2024-02-12T20:14:47","modified_gmt":"2024-02-12T20:14:47","slug":"evastekaytanto","status":"publish","type":"page","link":"https:\/\/casaredonda.es\/fi\/cookie-policy\/","title":{"rendered":"Ev\u00e4stek\u00e4yt\u00e4nt\u00f6"},"content":{"rendered":"<p>[et_pb_section fb_built=&#8221;1&#8243; custom_padding_last_edited=&#8221;on|tablet&#8221; admin_label=&#8221;Section&#8221; module_class=&#8221;ragnar_blog_rune ragnar_blog_sten&#8221; _builder_version=&#8221;4.24.0&#8243; _module_preset=&#8221;default&#8221; custom_padding=&#8221;50px||0px||false|false&#8221; custom_padding_tablet=&#8221;60px||13px||false|false&#8221; custom_padding_phone=&#8221;30px||10px||false|false&#8221; hover_enabled=&#8221;0&#8243; collapsed=&#8221;off&#8221; global_colors_info=&#8221;{}&#8221; sticky_enabled=&#8221;0&#8243;][et_pb_row _builder_version=&#8221;4.23.4&#8243; _module_preset=&#8221;default&#8221; width=&#8221;90%&#8221; max_width=&#8221;1210px&#8221; custom_margin=&#8221;0px||0px||false|false&#8221; custom_padding=&#8221;0px||20px||false|false&#8221; animation_style=&#8221;slide&#8221; animation_intensity_slide=&#8221;4%&#8221; animation_speed_curve=&#8221;ease&#8221; custom_css_main_element=&#8221;text-align:center;&#8221; locked=&#8221;off&#8221; global_colors_info=&#8221;{}&#8221;][et_pb_column type=&#8221;4_4&#8243; _builder_version=&#8221;4.23.1&#8243; _module_preset=&#8221;default&#8221; global_colors_info=&#8221;{}&#8221;][et_pb_image src=&#8221;https:\/\/casaredonda.es\/wp-content\/uploads\/2023\/12\/Faded-Logo.png&#8221; title_text=&#8221;Faded Logo&#8221; align=&#8221;center&#8221; _builder_version=&#8221;4.23.1&#8243; _module_preset=&#8221;default&#8221; height=&#8221;48px&#8221; custom_margin=&#8221;0px||19px||false|false&#8221; custom_padding=&#8221;0px||0px||false|false&#8221; custom_css_before=&#8221;position: absolute;||    content: %22%22;||    width: 95px;||    height: 1px;||    left: -163px;||    right: 0;||    top: 27px;||    background: #61616142;||    margin: auto;&#8221; custom_css_main_element=&#8221;display:inline-block;&#8221; custom_css_after=&#8221;position: absolute;||    content: %22%22;||    width: 95px;||    height: 1px;||    right: -163px;||    left: 0;||    top: 27px;||    background: #61616142;||    margin: auto;&#8221; global_colors_info=&#8221;{}&#8221;][\/et_pb_image][et_pb_text _builder_version=&#8221;4.23.4&#8243; _module_preset=&#8221;default&#8221; header_font=&#8221;Marcellus|700||on|||||&#8221; header_text_align=&#8221;center&#8221; header_font_size=&#8221;33px&#8221; header_letter_spacing=&#8221;2px&#8221; header_line_height=&#8221;1.2em&#8221; header_2_font=&#8221;Marcellus|700||on|||||&#8221; header_2_text_align=&#8221;center&#8221; header_2_text_color=&#8221;#181818&#8243; header_2_font_size=&#8221;33px&#8221; header_2_letter_spacing=&#8221;2px&#8221; header_2_line_height=&#8221;1.2em&#8221; custom_margin=&#8221;0px||5px||false|false&#8221; custom_padding=&#8221;0px||0px||false|false&#8221; header_2_font_size_tablet=&#8221;33px&#8221; header_2_font_size_phone=&#8221;25px&#8221; header_2_font_size_last_edited=&#8221;on|phone&#8221; global_colors_info=&#8221;{}&#8221;]<\/p>\n<h1>Cookie Policy<\/h1>\n<p>[\/et_pb_text][et_pb_text _builder_version=&#8221;4.24.0&#8243; _module_preset=&#8221;default&#8221; text_font=&#8221;Roboto Flex||||||||&#8221; text_text_color=&#8221;#706F6F&#8221; text_font_size=&#8221;16px&#8221; text_line_height=&#8221;1.6em&#8221; text_orientation=&#8221;center&#8221; max_width=&#8221;85%&#8221; max_width_tablet=&#8221;85%&#8221; max_width_phone=&#8221;100%&#8221; max_width_last_edited=&#8221;on|phone&#8221; module_alignment=&#8221;center&#8221; custom_margin=&#8221;0px||0px||false|false&#8221; custom_padding=&#8221;0px||0px||false|false&#8221; custom_padding_tablet=&#8221;0px||0px||false|false&#8221; custom_padding_phone=&#8221;10px||0px||false|false&#8221; custom_padding_last_edited=&#8221;on|phone&#8221; text_font_size_tablet=&#8221;16px&#8221; text_font_size_phone=&#8221;19px&#8221; text_font_size_last_edited=&#8221;on|phone&#8221; text_orientation_tablet=&#8221;center&#8221; text_orientation_phone=&#8221;left&#8221; text_orientation_last_edited=&#8221;on|phone&#8221; module_alignment_tablet=&#8221;center&#8221; module_alignment_phone=&#8221;left&#8221; module_alignment_last_edited=&#8221;on|phone&#8221; global_colors_info=&#8221;{}&#8221;]<\/p>\n<p>Our website uses cookies. By using the website, you consent to the use of cookies. Our website uses technology to collect information about its use, to distinguish between users, to help us provide you with a good experience and to allow us to improve the site and the service we offer. This means that when you visit our website, cookies or similar technologies will be placed on your computer or other device.<\/p>\n<p>[\/et_pb_text][\/et_pb_column][\/et_pb_row][\/et_pb_section][et_pb_section fb_built=&#8221;1&#8243; custom_padding_last_edited=&#8221;on|phone&#8221; admin_label=&#8221;Section&#8221; _builder_version=&#8221;4.24.0&#8243; _module_preset=&#8221;default&#8221; custom_margin=&#8221;0px||0px||false|false&#8221; custom_padding=&#8221;40px||30px||false|false&#8221; custom_padding_tablet=&#8221;40px||30px||false|false&#8221; custom_padding_phone=&#8221;15px||0px||false|false&#8221; hover_enabled=&#8221;0&#8243; global_colors_info=&#8221;{}&#8221; sticky_enabled=&#8221;0&#8243;][et_pb_row _builder_version=&#8221;4.23.4&#8243; _module_preset=&#8221;default&#8221; width=&#8221;90%&#8221; max_width=&#8221;1210px&#8221; custom_margin=&#8221;||||false|false&#8221; custom_padding=&#8221;0px||35px||false|false&#8221; global_colors_info=&#8221;{}&#8221;][et_pb_column type=&#8221;4_4&#8243; _builder_version=&#8221;4.18.0&#8243; _module_preset=&#8221;default&#8221; global_colors_info=&#8221;{}&#8221;][et_pb_text _builder_version=&#8221;4.23.4&#8243; _module_preset=&#8221;default&#8221; header_2_font=&#8221;Marcellus|700||on|||||&#8221; header_2_text_align=&#8221;left&#8221; header_2_text_color=&#8221;#181818&#8243; header_2_font_size=&#8221;24px&#8221; header_2_letter_spacing=&#8221;2px&#8221; header_2_line_height=&#8221;1.2em&#8221; custom_margin=&#8221;0px||5px||false|false&#8221; custom_padding=&#8221;0px||0px||false|false&#8221; header_2_font_size_tablet=&#8221;33px&#8221; header_2_font_size_phone=&#8221;25px&#8221; header_2_font_size_last_edited=&#8221;on|phone&#8221; global_colors_info=&#8221;{}&#8221;]<\/p>\n<h2>What are cookies?<\/h2>\n<p>[\/et_pb_text][et_pb_text _builder_version=&#8221;4.24.0&#8243; _module_preset=&#8221;default&#8221; text_font=&#8221;Roboto Flex||||||||&#8221; text_text_color=&#8221;#706F6F&#8221; text_font_size=&#8221;16px&#8221; text_line_height=&#8221;1.6em&#8221; custom_margin=&#8221;0px||15px||false|false&#8221; custom_padding=&#8221;||||false|false&#8221; text_font_size_tablet=&#8221;16px&#8221; text_font_size_phone=&#8221;19px&#8221; text_font_size_last_edited=&#8221;on|phone&#8221; global_colors_info=&#8221;{}&#8221;]<\/p>\n<p>Cookies are small pieces of text that are placed on your computer, smartphone or other device when you visit our website. A cookie file is stored on your device and allows us, or our third-party partners (see below) to recognise you and make your visit easier and more useful to you when you revisit our website.<\/p>\n<p>[\/et_pb_text][\/et_pb_column][\/et_pb_row][et_pb_row _builder_version=&#8221;4.23.4&#8243; _module_preset=&#8221;default&#8221; width=&#8221;90%&#8221; max_width=&#8221;1210px&#8221; custom_margin=&#8221;||||false|false&#8221; custom_padding=&#8221;0px||35px||false|false&#8221; global_colors_info=&#8221;{}&#8221;][et_pb_column type=&#8221;4_4&#8243; _builder_version=&#8221;4.18.0&#8243; _module_preset=&#8221;default&#8221; global_colors_info=&#8221;{}&#8221;][et_pb_text _builder_version=&#8221;4.23.4&#8243; _module_preset=&#8221;default&#8221; header_2_font=&#8221;Marcellus|700||on|||||&#8221; header_2_text_align=&#8221;left&#8221; header_2_text_color=&#8221;#181818&#8243; header_2_font_size=&#8221;24px&#8221; header_2_letter_spacing=&#8221;2px&#8221; header_2_line_height=&#8221;1.2em&#8221; custom_margin=&#8221;0px||5px||false|false&#8221; custom_padding=&#8221;0px||0px||false|false&#8221; header_2_font_size_tablet=&#8221;33px&#8221; header_2_font_size_phone=&#8221;25px&#8221; header_2_font_size_last_edited=&#8221;on|phone&#8221; global_colors_info=&#8221;{}&#8221;]<\/p>\n<h2>How does Casa Redonda use cookies?<\/h2>\n<p>[\/et_pb_text][et_pb_text _builder_version=&#8221;4.23.4&#8243; _module_preset=&#8221;default&#8221; text_font=&#8221;Roboto Flex||||||||&#8221; text_text_color=&#8221;#706F6F&#8221; text_font_size=&#8221;16px&#8221; text_line_height=&#8221;1.6em&#8221; custom_margin=&#8221;0px||15px||false|false&#8221; custom_padding=&#8221;||||false|false&#8221; text_font_size_tablet=&#8221;16px&#8221; text_font_size_phone=&#8221;19px&#8221; text_font_size_last_edited=&#8221;on|phone&#8221; global_colors_info=&#8221;{}&#8221;]<\/p>\n<p>Cookies allow us to recognise users (where appropriate), tailor the content on our website to fit the needs of our website\u2019s visitors, helps us improve the user experience by providing a better website, enables us to monitor which pages you find useful and which you do not. Without certain types of cookies enabled, we can\u2019t guarantee that the website and your experience of it are as we intended it to be. A cookie in no way gives us access to your computer or any information about you, other than the data you choose to share with us.<\/p>\n<p>[\/et_pb_text][et_pb_text _builder_version=&#8221;4.23.4&#8243; _module_preset=&#8221;default&#8221; text_font=&#8221;Roboto Flex||||||||&#8221; text_text_color=&#8221;#706F6F&#8221; text_font_size=&#8221;16px&#8221; text_line_height=&#8221;1.6em&#8221; custom_margin=&#8221;0px||15px||false|false&#8221; custom_padding=&#8221;||||false|false&#8221; text_font_size_tablet=&#8221;16px&#8221; text_font_size_phone=&#8221;19px&#8221; text_font_size_last_edited=&#8221;on|phone&#8221; global_colors_info=&#8221;{}&#8221;]<\/p>\n<p>We use cookies for the following purposes:<\/p>\n<p>[\/et_pb_text][et_pb_text _builder_version=&#8221;4.24.0&#8243; _module_preset=&#8221;default&#8221; text_font=&#8221;Roboto Flex||||||||&#8221; text_text_color=&#8221;#706F6F&#8221; text_font_size=&#8221;16px&#8221; text_line_height=&#8221;1.6em&#8221; custom_margin=&#8221;0px||0px||false|false&#8221; custom_padding=&#8221;||||false|false&#8221; text_font_size_tablet=&#8221;16px&#8221; text_font_size_phone=&#8221;19px&#8221; text_font_size_last_edited=&#8221;on|phone&#8221; global_colors_info=&#8221;{}&#8221;]<\/p>\n<div class=\"et_pb_module et_pb_text et_pb_text_27  et_pb_text_align_left et_pb_bg_layout_light\">\n<div class=\"et_pb_text_inner\">\n<ul>\n<li>to obtain information about your visits and about the device you use to access our website.<\/li>\n<li>to identify which pages are being used from the traffic log cookies. This helps us analyse data about web page traffic and improve our website to tailor it to customer needs. We only use this information for statistical analysis purposes and then the data is removed from the system<\/li>\n<li>to enable certain functions of the service, to provide analytics, to store your preferences, to enable advertisements delivery, including behavioural advertising.<\/li>\n<\/ul>\n<\/div>\n<\/div>\n<p>[\/et_pb_text][et_pb_text _builder_version=&#8221;4.23.4&#8243; _module_preset=&#8221;default&#8221; text_font=&#8221;Roboto Flex||||||||&#8221; text_text_color=&#8221;#706F6F&#8221; text_font_size=&#8221;16px&#8221; text_line_height=&#8221;1.6em&#8221; custom_margin=&#8221;0px||15px||false|false&#8221; custom_padding=&#8221;||||false|false&#8221; text_font_size_tablet=&#8221;16px&#8221; text_font_size_phone=&#8221;19px&#8221; text_font_size_last_edited=&#8221;on|phone&#8221; locked=&#8221;off&#8221; global_colors_info=&#8221;{}&#8221;]<\/p>\n<p>This use automatically includes (where available), your Internet Protocol (IP) address and pseudonymous identifiers, software configuration, aggregate use information, geographical location data, operating system and browser type and, depending on the cookie, also includes the reporting of statistical data about our users\u2019 browsing actions and patterns. We will not usually be able to identify you from this information.<\/p>\n<p>[\/et_pb_text][\/et_pb_column][\/et_pb_row][et_pb_row _builder_version=&#8221;4.23.4&#8243; _module_preset=&#8221;default&#8221; width=&#8221;90%&#8221; max_width=&#8221;1210px&#8221; custom_margin=&#8221;||||false|false&#8221; custom_padding=&#8221;0px||35px||false|false&#8221; global_colors_info=&#8221;{}&#8221;][et_pb_column type=&#8221;4_4&#8243; _builder_version=&#8221;4.18.0&#8243; _module_preset=&#8221;default&#8221; global_colors_info=&#8221;{}&#8221;][et_pb_text _builder_version=&#8221;4.23.4&#8243; _module_preset=&#8221;default&#8221; header_2_font=&#8221;Marcellus|700||on|||||&#8221; header_2_text_align=&#8221;left&#8221; header_2_text_color=&#8221;#181818&#8243; header_2_font_size=&#8221;24px&#8221; header_2_letter_spacing=&#8221;2px&#8221; header_2_line_height=&#8221;1.2em&#8221; custom_margin=&#8221;0px||5px||false|false&#8221; custom_padding=&#8221;0px||0px||false|false&#8221; header_2_font_size_tablet=&#8221;33px&#8221; header_2_font_size_phone=&#8221;25px&#8221; header_2_font_size_last_edited=&#8221;on|phone&#8221; global_colors_info=&#8221;{}&#8221;]<\/p>\n<h2>Types of cookies<\/h2>\n<p>[\/et_pb_text][et_pb_text _builder_version=&#8221;4.23.4&#8243; _module_preset=&#8221;default&#8221; text_font=&#8221;Roboto Flex||||||||&#8221; text_text_color=&#8221;#706F6F&#8221; text_font_size=&#8221;16px&#8221; text_line_height=&#8221;1.6em&#8221; custom_margin=&#8221;0px||15px||false|false&#8221; custom_padding=&#8221;||||false|false&#8221; text_font_size_tablet=&#8221;16px&#8221; text_font_size_phone=&#8221;19px&#8221; text_font_size_last_edited=&#8221;on|phone&#8221; global_colors_info=&#8221;{}&#8221;]<\/p>\n<p>The length of time a cookie stays on your device depends on its type. We use two types of cookies on our website:<\/p>\n<p>[\/et_pb_text][et_pb_text _builder_version=&#8221;4.23.4&#8243; _module_preset=&#8221;default&#8221; text_font=&#8221;Roboto Flex||||||||&#8221; text_text_color=&#8221;#706F6F&#8221; text_font_size=&#8221;16px&#8221; text_line_height=&#8221;1.6em&#8221; custom_margin=&#8221;0px||15px||false|false&#8221; custom_padding=&#8221;||||false|false&#8221; text_font_size_tablet=&#8221;16px&#8221; text_font_size_phone=&#8221;19px&#8221; text_font_size_last_edited=&#8221;on|phone&#8221; global_colors_info=&#8221;{}&#8221;]<\/p>\n<p><strong>Session cookies<\/strong> are temporary cookies which only exist during the time you use the website (or more strictly, until you close the browser after using the website). Session cookies help our website remember what you chose on the previous page, avoiding the need to re-enter information and improve your experience whilst using the website.<\/p>\n<p>[\/et_pb_text][et_pb_text _builder_version=&#8221;4.23.4&#8243; _module_preset=&#8221;default&#8221; text_font=&#8221;Roboto Flex||||||||&#8221; text_text_color=&#8221;#706F6F&#8221; text_font_size=&#8221;16px&#8221; text_line_height=&#8221;1.6em&#8221; custom_margin=&#8221;0px||15px||false|false&#8221; custom_padding=&#8221;||||false|false&#8221; text_font_size_tablet=&#8221;16px&#8221; text_font_size_phone=&#8221;19px&#8221; text_font_size_last_edited=&#8221;on|phone&#8221; global_colors_info=&#8221;{}&#8221;]<\/p>\n<p><strong>Persistent cookies<\/strong> stay on your device after you\u2019ve visited our website. For example, if you tick the \u2018Remember my ID\u2019 box when you log onto Online Banking a persistent cookie will be used, so that the website remembers you the next time you use it. Persistent cookies help us identify you as a unique visitor.<\/p>\n<p>[\/et_pb_text][et_pb_text _builder_version=&#8221;4.23.4&#8243; _module_preset=&#8221;default&#8221; text_font=&#8221;Roboto Flex||||||||&#8221; text_text_color=&#8221;#706F6F&#8221; text_font_size=&#8221;16px&#8221; text_line_height=&#8221;1.6em&#8221; custom_margin=&#8221;0px||15px||false|false&#8221; custom_padding=&#8221;||||false|false&#8221; text_font_size_tablet=&#8221;16px&#8221; text_font_size_phone=&#8221;19px&#8221; text_font_size_last_edited=&#8221;on|phone&#8221; global_colors_info=&#8221;{}&#8221;]<\/p>\n<p>We also categorise our cookies to help our customers understand the specific reason for each cookie. These can be read in our Cookie Consent banner.<\/p>\n<p>[\/et_pb_text][\/et_pb_column][\/et_pb_row][\/et_pb_section]<\/p>\n","protected":false},"excerpt":{"rendered":"<p>Cookie PolicyOur website uses cookies. By using the website, you consent to the use of cookies. Our website uses technology to collect information about its use, to distinguish between users, to help us provide you with a good experience and to allow us to improve the site and the service we offer. This means that [&hellip;]<\/p>\n","protected":false},"author":1,"featured_media":0,"parent":0,"menu_order":200,"comment_status":"closed","ping_status":"closed","template":"","meta":{"_acf_changed":false,"_et_pb_use_builder":"on","_et_pb_old_content":"","_et_gb_content_width":"","footnotes":""},"class_list":["post-369137","page","type-page","status-publish","hentry"],"acf":[],"yoast_head":"<!-- This site is optimized with the Yoast SEO plugin v27.4 - https:\/\/yoast.com\/product\/yoast-seo-wordpress\/ -->\n<title>Cookie Policy - Casa Redonda<\/title>\n<meta name=\"description\" content=\"Our website uses technology to collect information about its use, to distinguish between users, and to help us provide a good experience.\" \/>\n<meta name=\"robots\" content=\"index, follow, max-snippet:-1, max-image-preview:large, max-video-preview:-1\" \/>\n<link rel=\"canonical\" href=\"https:\/\/casaredonda.es\/fi\/evastekaytanto\/\" \/>\n<meta property=\"og:locale\" content=\"fi_FI\" \/>\n<meta property=\"og:type\" content=\"article\" \/>\n<meta property=\"og:title\" content=\"Read Our Cookie Policy\" \/>\n<meta property=\"og:description\" content=\"How and why our website uses cookies.\" \/>\n<meta property=\"og:url\" content=\"https:\/\/casaredonda.es\/fi\/evastekaytanto\/\" \/>\n<meta property=\"og:site_name\" content=\"Casa Redonda\" \/>\n<meta property=\"article:modified_time\" content=\"2024-02-12T20:14:47+00:00\" \/>\n<meta property=\"og:image\" content=\"https:\/\/casaredonda.es\/wp-content\/uploads\/2024\/02\/Cookies-Casa-Redonda-Social.png\" \/>\n\t<meta property=\"og:image:width\" content=\"1200\" \/>\n\t<meta property=\"og:image:height\" content=\"628\" \/>\n\t<meta property=\"og:image:type\" content=\"image\/png\" \/>\n<script type=\"application\/ld+json\" class=\"yoast-schema-graph\">{\"@context\":\"https:\\\/\\\/schema.org\",\"@graph\":[{\"@type\":\"WebPage\",\"@id\":\"https:\\\/\\\/casaredonda.es\\\/cookie-policy\\\/\",\"url\":\"https:\\\/\\\/casaredonda.es\\\/cookie-policy\\\/\",\"name\":\"Cookie Policy - Casa Redonda\",\"isPartOf\":{\"@id\":\"https:\\\/\\\/casaredonda.es\\\/#website\"},\"datePublished\":\"2024-01-31T18:20:10+00:00\",\"dateModified\":\"2024-02-12T20:14:47+00:00\",\"description\":\"Our website uses technology to collect information about its use, to distinguish between users, and to help us provide a good experience.\",\"breadcrumb\":{\"@id\":\"https:\\\/\\\/casaredonda.es\\\/cookie-policy\\\/#breadcrumb\"},\"inLanguage\":\"fi\",\"potentialAction\":[{\"@type\":\"ReadAction\",\"target\":[\"https:\\\/\\\/casaredonda.es\\\/cookie-policy\\\/\"]}]},{\"@type\":\"BreadcrumbList\",\"@id\":\"https:\\\/\\\/casaredonda.es\\\/cookie-policy\\\/#breadcrumb\",\"itemListElement\":[{\"@type\":\"ListItem\",\"position\":1,\"name\":\"Home\",\"item\":\"https:\\\/\\\/casaredonda.es\\\/\"},{\"@type\":\"ListItem\",\"position\":2,\"name\":\"Cookie Policy\"}]},{\"@type\":\"WebSite\",\"@id\":\"https:\\\/\\\/casaredonda.es\\\/#website\",\"url\":\"https:\\\/\\\/casaredonda.es\\\/\",\"name\":\"Casa Redonda\",\"description\":\"A Premium Casa Rural\",\"potentialAction\":[{\"@type\":\"SearchAction\",\"target\":{\"@type\":\"EntryPoint\",\"urlTemplate\":\"https:\\\/\\\/casaredonda.es\\\/?s={search_term_string}\"},\"query-input\":{\"@type\":\"PropertyValueSpecification\",\"valueRequired\":true,\"valueName\":\"search_term_string\"}}],\"inLanguage\":\"fi\"}]}<\/script>\n<!-- \/ Yoast SEO plugin. -->","yoast_head_json":{"title":"Ev\u00e4stek\u00e4yt\u00e4nt\u00f6 - Casa Redonda","description":"Verkkosivustomme k\u00e4ytt\u00e4\u00e4 teknologiaa ker\u00e4t\u00e4kseen tietoa sen k\u00e4yt\u00f6st\u00e4, erottaakseen k\u00e4ytt\u00e4j\u00e4t toisistaan ja auttaakseen meit\u00e4 tarjoamaan hyv\u00e4n k\u00e4ytt\u00f6kokemuksen.","robots":{"index":"index","follow":"follow","max-snippet":"max-snippet:-1","max-image-preview":"max-image-preview:large","max-video-preview":"max-video-preview:-1"},"canonical":"https:\/\/casaredonda.es\/fi\/evastekaytanto\/","og_locale":"fi_FI","og_type":"article","og_title":"Read Our Cookie Policy","og_description":"How and why our website uses cookies.","og_url":"https:\/\/casaredonda.es\/fi\/evastekaytanto\/","og_site_name":"Casa Redonda","article_modified_time":"2024-02-12T20:14:47+00:00","og_image":[{"width":1200,"height":628,"url":"https:\/\/casaredonda.es\/wp-content\/uploads\/2024\/02\/Cookies-Casa-Redonda-Social.png","type":"image\/png"}],"schema":{"@context":"https:\/\/schema.org","@graph":[{"@type":"WebPage","@id":"https:\/\/casaredonda.es\/cookie-policy\/","url":"https:\/\/casaredonda.es\/cookie-policy\/","name":"Ev\u00e4stek\u00e4yt\u00e4nt\u00f6 - Casa Redonda","isPartOf":{"@id":"https:\/\/casaredonda.es\/#website"},"datePublished":"2024-01-31T18:20:10+00:00","dateModified":"2024-02-12T20:14:47+00:00","description":"Verkkosivustomme k\u00e4ytt\u00e4\u00e4 teknologiaa ker\u00e4t\u00e4kseen tietoa sen k\u00e4yt\u00f6st\u00e4, erottaakseen k\u00e4ytt\u00e4j\u00e4t toisistaan ja auttaakseen meit\u00e4 tarjoamaan hyv\u00e4n k\u00e4ytt\u00f6kokemuksen.","breadcrumb":{"@id":"https:\/\/casaredonda.es\/cookie-policy\/#breadcrumb"},"inLanguage":"fi","potentialAction":[{"@type":"ReadAction","target":["https:\/\/casaredonda.es\/cookie-policy\/"]}]},{"@type":"BreadcrumbList","@id":"https:\/\/casaredonda.es\/cookie-policy\/#breadcrumb","itemListElement":[{"@type":"ListItem","position":1,"name":"Home","item":"https:\/\/casaredonda.es\/"},{"@type":"ListItem","position":2,"name":"Cookie Policy"}]},{"@type":"WebSite","@id":"https:\/\/casaredonda.es\/#website","url":"https:\/\/casaredonda.es\/","name":"Casa Redonda","description":"Premium Casa Rural","potentialAction":[{"@type":"SearchAction","target":{"@type":"EntryPoint","urlTemplate":"https:\/\/casaredonda.es\/?s={search_term_string}"},"query-input":{"@type":"PropertyValueSpecification","valueRequired":true,"valueName":"search_term_string"}}],"inLanguage":"fi"}]}},"_links":{"self":[{"href":"https:\/\/casaredonda.es\/fi\/wp-json\/wp\/v2\/pages\/369137","targetHints":{"allow":["GET"]}}],"collection":[{"href":"https:\/\/casaredonda.es\/fi\/wp-json\/wp\/v2\/pages"}],"about":[{"href":"https:\/\/casaredonda.es\/fi\/wp-json\/wp\/v2\/types\/page"}],"author":[{"embeddable":true,"href":"https:\/\/casaredonda.es\/fi\/wp-json\/wp\/v2\/users\/1"}],"replies":[{"embeddable":true,"href":"https:\/\/casaredonda.es\/fi\/wp-json\/wp\/v2\/comments?post=369137"}],"version-history":[{"count":0,"href":"https:\/\/casaredonda.es\/fi\/wp-json\/wp\/v2\/pages\/369137\/revisions"}],"wp:attachment":[{"href":"https:\/\/casaredonda.es\/fi\/wp-json\/wp\/v2\/media?parent=369137"}],"curies":[{"name":"wp","href":"https:\/\/api.w.org\/{rel}","templated":true}]}}